{"id":3437,"date":"2022-11-26T21:51:56","date_gmt":"2022-11-26T21:51:56","guid":{"rendered":"https:\/\/labrechadorada.com\/?page_id=3437"},"modified":"2023-11-20T21:56:00","modified_gmt":"2023-11-20T21:56:00","slug":"direccion-de-operaciones","status":"publish","type":"page","link":"https:\/\/labrechadorada.com\/index.php\/direccion-de-operaciones\/","title":{"rendered":"Direcci\u00f3n de Operaciones"},"content":{"rendered":"\t\t<div data-elementor-type=\"wp-page\" data-elementor-id=\"3437\" class=\"elementor elementor-3437\">\n\t\t\t\t\t\t<section class=\"elementor-section elementor-top-section elementor-element elementor-element-d1e5db8 elementor-section-boxed elementor-section-height-default elementor-section-height-default\" data-id=\"d1e5db8\" data-element_type=\"section\">\n\t\t\t\t\t\t<div class=\"elementor-container elementor-column-gap-default\">\n\t\t\t\t\t<div class=\"elementor-column elementor-col-50 elementor-top-column elementor-element elementor-element-8cf463b\" data-id=\"8cf463b\" data-element_type=\"column\">\n\t\t\t<div class=\"elementor-widget-wrap elementor-element-populated\">\n\t\t\t\t\t\t<div class=\"elementor-element elementor-element-14e8a0a elementor-widget elementor-widget-spacer\" data-id=\"14e8a0a\" data-element_type=\"widget\" data-widget_type=\"spacer.default\">\n\t\t\t\t<div class=\"elementor-widget-container\">\n\t\t\t\t\t<div class=\"elementor-spacer\">\n\t\t\t<div class=\"elementor-spacer-inner\"><\/div>\n\t\t<\/div>\n\t\t\t\t<\/div>\n\t\t\t\t<\/div>\n\t\t\t\t<div class=\"elementor-element elementor-element-f908680 elementor-widget elementor-widget-heading\" data-id=\"f908680\" data-element_type=\"widget\" data-widget_type=\"heading.default\">\n\t\t\t\t<div class=\"elementor-widget-container\">\n\t\t\t<h1 class=\"elementor-heading-title elementor-size-default\">Direcci\u00f3n de Operaciones<\/h1>\t\t<\/div>\n\t\t\t\t<\/div>\n\t\t\t\t\t<\/div>\n\t\t<\/div>\n\t\t\t\t<div class=\"elementor-column elementor-col-50 elementor-top-column elementor-element elementor-element-dc4e810\" data-id=\"dc4e810\" data-element_type=\"column\">\n\t\t\t<div class=\"elementor-widget-wrap elementor-element-populated\">\n\t\t\t\t\t\t<div class=\"elementor-element elementor-element-94067a8 elementor-widget elementor-widget-image\" data-id=\"94067a8\" data-element_type=\"widget\" data-widget_type=\"image.default\">\n\t\t\t\t<div class=\"elementor-widget-container\">\n\t\t\t\t\t\t\t\t\t\t\t\t\t<img decoding=\"async\" width=\"215\" height=\"148\" src=\"https:\/\/labrechadorada.com\/wp-content\/uploads\/2023\/11\/Screenshot_7-e1700513682671.png\" class=\"attachment-large size-large wp-image-6072\" alt=\"\" \/>\t\t\t\t\t\t\t\t\t\t\t\t\t<\/div>\n\t\t\t\t<\/div>\n\t\t\t\t\t<\/div>\n\t\t<\/div>\n\t\t\t\t\t<\/div>\n\t\t<\/section>\n\t\t\t\t<section class=\"elementor-section elementor-top-section elementor-element elementor-element-adab884 elementor-section-boxed elementor-section-height-default elementor-section-height-default\" data-id=\"adab884\" data-element_type=\"section\">\n\t\t\t\t\t\t<div class=\"elementor-container elementor-column-gap-default\">\n\t\t\t\t\t<div class=\"elementor-column elementor-col-50 elementor-top-column elementor-element elementor-element-28cdc5c\" data-id=\"28cdc5c\" data-element_type=\"column\">\n\t\t\t<div class=\"elementor-widget-wrap elementor-element-populated\">\n\t\t\t\t\t\t<div class=\"elementor-element elementor-element-8b78aef elementor-widget elementor-widget-spacer\" data-id=\"8b78aef\" data-element_type=\"widget\" data-widget_type=\"spacer.default\">\n\t\t\t\t<div class=\"elementor-widget-container\">\n\t\t\t\t\t<div class=\"elementor-spacer\">\n\t\t\t<div class=\"elementor-spacer-inner\"><\/div>\n\t\t<\/div>\n\t\t\t\t<\/div>\n\t\t\t\t<\/div>\n\t\t\t\t<div class=\"elementor-element elementor-element-03a887a elementor-widget elementor-widget-text-editor\" data-id=\"03a887a\" data-element_type=\"widget\" data-widget_type=\"text-editor.default\">\n\t\t\t\t<div class=\"elementor-widget-container\">\n\t\t\t\t\t\t\t<p>La Gerencia de la Marca de <strong><a href=\"https:\/\/globalnewscenters.com\/\">Centro Multimedios Higueyano, SRL<\/a> <\/strong>y sus diferentes productos, cuenta con un perfil y funciones muy bien definidas en cuanto a las pol\u00edticas de la empresa.<\/p>\t\t\t\t\t\t<\/div>\n\t\t\t\t<\/div>\n\t\t\t\t\t<\/div>\n\t\t<\/div>\n\t\t\t\t<div class=\"elementor-column elementor-col-50 elementor-top-column elementor-element elementor-element-fdf49c9\" data-id=\"fdf49c9\" data-element_type=\"column\">\n\t\t\t<div class=\"elementor-widget-wrap elementor-element-populated\">\n\t\t\t\t\t\t<div class=\"elementor-element elementor-element-3c4ce23 elementor-widget elementor-widget-text-editor\" data-id=\"3c4ce23\" data-element_type=\"widget\" data-widget_type=\"text-editor.default\">\n\t\t\t\t<div class=\"elementor-widget-container\">\n\t\t\t\t\t\t\t<p>Sabiendo la responsabilidad como Medio de Comunicaci\u00f3n y las exigencias de los nuevos tiempos, en un mundo cada vez m\u00e1s cambiante, innovador y vanguardista, es impresindible contar con una representaci\u00f3n profesional y con una visi\u00f3n clara del progeso y del futuro.<\/p>\t\t\t\t\t\t<\/div>\n\t\t\t\t<\/div>\n\t\t\t\t\t<\/div>\n\t\t<\/div>\n\t\t\t\t\t<\/div>\n\t\t<\/section>\n\t\t\t\t<section class=\"elementor-section elementor-top-section elementor-element elementor-element-be1c59e elementor-section-stretched elementor-section-boxed elementor-section-height-default elementor-section-height-default\" data-id=\"be1c59e\" data-element_type=\"section\" data-settings=\"{&quot;stretch_section&quot;:&quot;section-stretched&quot;}\">\n\t\t\t\t\t\t<div class=\"elementor-container elementor-column-gap-default\">\n\t\t\t\t\t<div class=\"elementor-column elementor-col-100 elementor-top-column elementor-element elementor-element-a72dee4\" data-id=\"a72dee4\" data-element_type=\"column\">\n\t\t\t<div class=\"elementor-widget-wrap elementor-element-populated\">\n\t\t\t\t\t\t<div class=\"elementor-element elementor-element-51a6b16 elementor-widget elementor-widget-image\" data-id=\"51a6b16\" data-element_type=\"widget\" data-widget_type=\"image.default\">\n\t\t\t\t<div class=\"elementor-widget-container\">\n\t\t\t\t\t\t\t\t\t\t\t\t\t<img fetchpriority=\"high\" fetchpriority=\"high\" decoding=\"async\" width=\"605\" height=\"229\" src=\"https:\/\/labrechadorada.com\/wp-content\/uploads\/2023\/11\/Screenshot_8-1.png\" class=\"attachment-large size-large wp-image-6075\" alt=\"\" \/>\t\t\t\t\t\t\t\t\t\t\t\t\t<\/div>\n\t\t\t\t<\/div>\n\t\t\t\t\t<\/div>\n\t\t<\/div>\n\t\t\t\t\t<\/div>\n\t\t<\/section>\n\t\t\t\t<section class=\"elementor-section elementor-top-section elementor-element elementor-element-a072e2f elementor-section-boxed elementor-section-height-default elementor-section-height-default\" data-id=\"a072e2f\" data-element_type=\"section\">\n\t\t\t\t\t\t<div class=\"elementor-container elementor-column-gap-default\">\n\t\t\t\t\t<div class=\"elementor-column elementor-col-50 elementor-top-column elementor-element elementor-element-d64550f\" data-id=\"d64550f\" data-element_type=\"column\">\n\t\t\t<div class=\"elementor-widget-wrap elementor-element-populated\">\n\t\t\t\t\t\t<div class=\"elementor-element elementor-element-286f55d elementor-widget elementor-widget-text-editor\" data-id=\"286f55d\" data-element_type=\"widget\" data-widget_type=\"text-editor.default\">\n\t\t\t\t<div class=\"elementor-widget-container\">\n\t\t\t\t\t\t\t<h3>Breve descripci\u00f3n del puesto<\/h3><p>Es la persona que nos ayuda a aumentar nuestra reputaci\u00f3n en el mercado y a atraer a un mayor p\u00fablico.<\/p><p>Las responsabilidades del estratega de marca son analizar informaci\u00f3n de los consumidores, elaborar planes para nuestro equipo creativo y desarrollar directrices para promocionar nuestra empresa en distintos canales.<\/p><p>Para tener \u00e9xito en este trabajo, hay que tener experiencie en la gesti\u00f3n de marcas y conocer a fondo nuestro sector.<\/p><p>La meta ser\u00e1 asegurarse de que el mensaje y tono de nuestra marca es uniforma en todos los canales tradicionales y online.<\/p>\t\t\t\t\t\t<\/div>\n\t\t\t\t<\/div>\n\t\t\t\t<div class=\"elementor-element elementor-element-ba5edd1 elementor-widget elementor-widget-image\" data-id=\"ba5edd1\" data-element_type=\"widget\" data-widget_type=\"image.default\">\n\t\t\t\t<div class=\"elementor-widget-container\">\n\t\t\t\t\t\t\t\t\t\t\t\t\t<img decoding=\"async\" width=\"300\" height=\"300\" src=\"https:\/\/labrechadorada.com\/wp-content\/uploads\/2023\/11\/work-5382501_1280-300x300.webp\" class=\"attachment-medium size-medium wp-image-6074\" alt=\"\" srcset=\"https:\/\/labrechadorada.com\/wp-content\/uploads\/2023\/11\/work-5382501_1280-300x300.webp 300w, https:\/\/labrechadorada.com\/wp-content\/uploads\/2023\/11\/work-5382501_1280-150x150.webp 150w, https:\/\/labrechadorada.com\/wp-content\/uploads\/2023\/11\/work-5382501_1280-768x768.webp 768w, https:\/\/labrechadorada.com\/wp-content\/uploads\/2023\/11\/work-5382501_1280-640x640.webp 640w, https:\/\/labrechadorada.com\/wp-content\/uploads\/2023\/11\/work-5382501_1280-50x50.webp 50w\" sizes=\"(max-width: 300px) 100vw, 300px\" \/>\t\t\t\t\t\t\t\t\t\t\t\t\t<\/div>\n\t\t\t\t<\/div>\n\t\t\t\t\t<\/div>\n\t\t<\/div>\n\t\t\t\t<div class=\"elementor-column elementor-col-50 elementor-top-column elementor-element elementor-element-4c09d7a\" data-id=\"4c09d7a\" data-element_type=\"column\">\n\t\t\t<div class=\"elementor-widget-wrap elementor-element-populated\">\n\t\t\t\t\t\t<div class=\"elementor-element elementor-element-1a06420 elementor-widget elementor-widget-text-editor\" data-id=\"1a06420\" data-element_type=\"widget\" data-widget_type=\"text-editor.default\">\n\t\t\t\t<div class=\"elementor-widget-container\">\n\t\t\t\t\t\t\t<h3>Responsabilidades<\/h3>\t\t\t\t\t\t<\/div>\n\t\t\t\t<\/div>\n\t\t\t\t<div class=\"elementor-element elementor-element-cdd6644 elementor-icon-list--layout-traditional elementor-list-item-link-full_width elementor-widget elementor-widget-icon-list\" data-id=\"cdd6644\" data-element_type=\"widget\" data-widget_type=\"icon-list.default\">\n\t\t\t\t<div class=\"elementor-widget-container\">\n\t\t\t\t\t<ul class=\"elementor-icon-list-items\">\n\t\t\t\t\t\t\t<li class=\"elementor-icon-list-item\">\n\t\t\t\t\t\t\t\t\t\t\t<span class=\"elementor-icon-list-icon\">\n\t\t\t\t\t\t\t<i aria-hidden=\"true\" class=\"fas fa-chart-pie\"><\/i>\t\t\t\t\t\t<\/span>\n\t\t\t\t\t\t\t\t\t\t<span class=\"elementor-icon-list-text\">Analizar el posicionamiento de la marca y la informaci\u00f3n de los consumidores.<\/span>\n\t\t\t\t\t\t\t\t\t<\/li>\n\t\t\t\t\t\t\t\t<li class=\"elementor-icon-list-item\">\n\t\t\t\t\t\t\t\t\t\t\t<span class=\"elementor-icon-list-icon\">\n\t\t\t\t\t\t\t<i aria-hidden=\"true\" class=\"far fa-chart-bar\"><\/i>\t\t\t\t\t\t<\/span>\n\t\t\t\t\t\t\t\t\t\t<span class=\"elementor-icon-list-text\">Definir y comunicar nuestra visi\u00f3n y misi\u00f3n.<\/span>\n\t\t\t\t\t\t\t\t\t<\/li>\n\t\t\t\t\t\t\t\t<li class=\"elementor-icon-list-item\">\n\t\t\t\t\t\t\t\t\t\t\t<span class=\"elementor-icon-list-icon\">\n\t\t\t\t\t\t\t<i aria-hidden=\"true\" class=\"fas fa-network-wired\"><\/i>\t\t\t\t\t\t<\/span>\n\t\t\t\t\t\t\t\t\t\t<span class=\"elementor-icon-list-text\">Convertir elementos de la marca en planes y estrategias de lanzamiento de marcas al mercado.<\/span>\n\t\t\t\t\t\t\t\t\t<\/li>\n\t\t\t\t\t\t\t\t<li class=\"elementor-icon-list-item\">\n\t\t\t\t\t\t\t\t\t\t\t<span class=\"elementor-icon-list-icon\">\n\t\t\t\t\t\t\t<i aria-hidden=\"true\" class=\"fas fa-chess\"><\/i>\t\t\t\t\t\t<\/span>\n\t\t\t\t\t\t\t\t\t\t<span class=\"elementor-icon-list-text\">Dirigir a un equipo de personas de marketing que trabaja en iniciativas de marketing.<\/span>\n\t\t\t\t\t\t\t\t\t<\/li>\n\t\t\t\t\t\t<\/ul>\n\t\t\t\t<\/div>\n\t\t\t\t<\/div>\n\t\t\t\t<div class=\"elementor-element elementor-element-40279d5 elementor-widget elementor-widget-text-editor\" data-id=\"40279d5\" data-element_type=\"widget\" data-widget_type=\"text-editor.default\">\n\t\t\t\t<div class=\"elementor-widget-container\">\n\t\t\t\t\t\t\t<h3>Adem\u00e1s de los ante expuesto prodiamos a\u00f1adir dentro del rango de las responsabilidades lo siguiente:\u00a0<\/h3>\t\t\t\t\t\t<\/div>\n\t\t\t\t<\/div>\n\t\t\t\t<div class=\"elementor-element elementor-element-2df916e elementor-icon-list--layout-traditional elementor-list-item-link-full_width elementor-widget elementor-widget-icon-list\" data-id=\"2df916e\" data-element_type=\"widget\" data-widget_type=\"icon-list.default\">\n\t\t\t\t<div class=\"elementor-widget-container\">\n\t\t\t\t\t<ul class=\"elementor-icon-list-items\">\n\t\t\t\t\t\t\t<li class=\"elementor-icon-list-item\">\n\t\t\t\t\t\t\t\t\t\t\t<span class=\"elementor-icon-list-icon\">\n\t\t\t\t\t\t\t<i aria-hidden=\"true\" class=\"fas fa-exchange-alt\"><\/i>\t\t\t\t\t\t<\/span>\n\t\t\t\t\t\t\t\t\t\t<span class=\"elementor-icon-list-text\">Recopilaci\u00f3n de feedback de ventas y an\u00e1lisis del comportamiento de los consumidores para definir el posicionamiento de nuestra empresa.<\/span>\n\t\t\t\t\t\t\t\t\t<\/li>\n\t\t\t\t\t\t\t\t<li class=\"elementor-icon-list-item\">\n\t\t\t\t\t\t\t\t\t\t\t<span class=\"elementor-icon-list-icon\">\n\t\t\t\t\t\t\t<i aria-hidden=\"true\" class=\"fas fa-chart-line\"><\/i>\t\t\t\t\t\t<\/span>\n\t\t\t\t\t\t\t\t\t\t<span class=\"elementor-icon-list-text\">Elaboraci\u00f3n de nuestra estrategia para lograr diferenciarnos de la competencia.<\/span>\n\t\t\t\t\t\t\t\t\t<\/li>\n\t\t\t\t\t\t\t\t<li class=\"elementor-icon-list-item\">\n\t\t\t\t\t\t\t\t\t\t\t<span class=\"elementor-icon-list-icon\">\n\t\t\t\t\t\t\t<i aria-hidden=\"true\" class=\"fas fa-puzzle-piece\"><\/i>\t\t\t\t\t\t<\/span>\n\t\t\t\t\t\t\t\t\t\t<span class=\"elementor-icon-list-text\">Informar a nuestro equipo creativo de proyectos de marketing en los que trabajar\u00e1n (por ejemplo, e-books, campa\u00f1as de marketing y banners publicitarios).<\/span>\n\t\t\t\t\t\t\t\t\t<\/li>\n\t\t\t\t\t\t<\/ul>\n\t\t\t\t<\/div>\n\t\t\t\t<\/div>\n\t\t\t\t<div class=\"elementor-element elementor-element-7b7464a elementor-widget elementor-widget-text-editor\" data-id=\"7b7464a\" data-element_type=\"widget\" data-widget_type=\"text-editor.default\">\n\t\t\t\t<div class=\"elementor-widget-container\">\n\t\t\t\t\t\t\t<p>Luego de haber explicado estas consideraciones, soy de opini\u00f3n que la imaginaci\u00f3n y el buen gusto juesga un papel relevante en la persona que tiene bajo su responsabilidad este cargo.<\/p><p>Es sumamente importante ir de la mano en coordinaci\u00f3n con esta Direcci\u00f3n de Operaciones, as\u00ed, trabajando en Equipo y poniendo todas las estrategias en el mercado, es \u00e9xito est\u00e1 garantizado.<\/p>\t\t\t\t\t\t<\/div>\n\t\t\t\t<\/div>\n\t\t\t\t\t<\/div>\n\t\t<\/div>\n\t\t\t\t\t<\/div>\n\t\t<\/section>\n\t\t\t\t<\/div>\n\t\t","protected":false},"excerpt":{"rendered":"<p>Direcci\u00f3n de Operaciones La Gerencia de la Marca de Centro Multimedios Higueyano, SRL y sus diferentes productos, cuenta con un perfil y funciones muy bien definidas en cuanto a las pol\u00edticas de la empresa. Sabiendo la responsabilidad como Medio de Comunicaci\u00f3n y las exigencias de los nuevos tiempos, en un mundo cada vez m\u00e1s cambiante, [&hellip;]<\/p>\n","protected":false},"author":31,"featured_media":6076,"parent":0,"menu_order":0,"comment_status":"closed","ping_status":"closed","template":"","meta":{"_et_pb_use_builder":"","_et_pb_old_content":"","_et_gb_content_width":"","footnotes":""},"_links":{"self":[{"href":"https:\/\/labrechadorada.com\/index.php\/wp-json\/wp\/v2\/pages\/3437"}],"collection":[{"href":"https:\/\/labrechadorada.com\/index.php\/wp-json\/wp\/v2\/pages"}],"about":[{"href":"https:\/\/labrechadorada.com\/index.php\/wp-json\/wp\/v2\/types\/page"}],"author":[{"embeddable":true,"href":"https:\/\/labrechadorada.com\/index.php\/wp-json\/wp\/v2\/users\/31"}],"replies":[{"embeddable":true,"href":"https:\/\/labrechadorada.com\/index.php\/wp-json\/wp\/v2\/comments?post=3437"}],"version-history":[{"count":12,"href":"https:\/\/labrechadorada.com\/index.php\/wp-json\/wp\/v2\/pages\/3437\/revisions"}],"predecessor-version":[{"id":6082,"href":"https:\/\/labrechadorada.com\/index.php\/wp-json\/wp\/v2\/pages\/3437\/revisions\/6082"}],"wp:featuredmedia":[{"embeddable":true,"href":"https:\/\/labrechadorada.com\/index.php\/wp-json\/wp\/v2\/media\/6076"}],"wp:attachment":[{"href":"https:\/\/labrechadorada.com\/index.php\/wp-json\/wp\/v2\/media?parent=3437"}],"curies":[{"name":"wp","href":"https:\/\/api.w.org\/{rel}","templated":true}]}}