{"id":3392,"date":"2022-11-26T21:08:30","date_gmt":"2022-11-26T21:08:30","guid":{"rendered":"https:\/\/labrechadorada.com\/?page_id=3392"},"modified":"2023-11-20T22:00:02","modified_gmt":"2023-11-20T22:00:02","slug":"edi","status":"publish","type":"page","link":"https:\/\/labrechadorada.com\/index.php\/edi\/","title":{"rendered":"Edici\u00f3n de la Marca"},"content":{"rendered":"\t\t<div data-elementor-type=\"wp-page\" data-elementor-id=\"3392\" class=\"elementor elementor-3392\">\n\t\t\t\t\t\t<section class=\"elementor-section elementor-top-section elementor-element elementor-element-0b5b1a5 elementor-section-boxed elementor-section-height-default elementor-section-height-default\" data-id=\"0b5b1a5\" data-element_type=\"section\">\n\t\t\t\t\t\t<div class=\"elementor-container elementor-column-gap-default\">\n\t\t\t\t\t<div class=\"elementor-column elementor-col-50 elementor-top-column elementor-element elementor-element-6ae1b92\" data-id=\"6ae1b92\" data-element_type=\"column\">\n\t\t\t<div class=\"elementor-widget-wrap elementor-element-populated\">\n\t\t\t\t\t\t<div class=\"elementor-element elementor-element-eed3d2e elementor-widget elementor-widget-spacer\" data-id=\"eed3d2e\" data-element_type=\"widget\" data-widget_type=\"spacer.default\">\n\t\t\t\t<div class=\"elementor-widget-container\">\n\t\t\t\t\t<div class=\"elementor-spacer\">\n\t\t\t<div class=\"elementor-spacer-inner\"><\/div>\n\t\t<\/div>\n\t\t\t\t<\/div>\n\t\t\t\t<\/div>\n\t\t\t\t<div class=\"elementor-element elementor-element-fcccc49 elementor-widget elementor-widget-heading\" data-id=\"fcccc49\" data-element_type=\"widget\" data-widget_type=\"heading.default\">\n\t\t\t\t<div class=\"elementor-widget-container\">\n\t\t\t<h1 class=\"elementor-heading-title elementor-size-default\">\u00c1rea de edici\u00f3n de LA BRECHA DORADA<\/h1>\t\t<\/div>\n\t\t\t\t<\/div>\n\t\t\t\t\t<\/div>\n\t\t<\/div>\n\t\t\t\t<div class=\"elementor-column elementor-col-50 elementor-top-column elementor-element elementor-element-d5967bf\" data-id=\"d5967bf\" data-element_type=\"column\">\n\t\t\t<div class=\"elementor-widget-wrap elementor-element-populated\">\n\t\t\t\t\t\t<div class=\"elementor-element elementor-element-8992d48 elementor-widget elementor-widget-image\" data-id=\"8992d48\" data-element_type=\"widget\" data-widget_type=\"image.default\">\n\t\t\t\t<div class=\"elementor-widget-container\">\n\t\t\t\t\t\t\t\t\t\t\t\t\t<img fetchpriority=\"high\" fetchpriority=\"high\" decoding=\"async\" width=\"1024\" height=\"853\" src=\"https:\/\/labrechadorada.com\/wp-content\/uploads\/2023\/11\/startup-593324_1280-1024x853.webp\" class=\"attachment-large size-large wp-image-6087\" alt=\"\" \/>\t\t\t\t\t\t\t\t\t\t\t\t\t<\/div>\n\t\t\t\t<\/div>\n\t\t\t\t\t<\/div>\n\t\t<\/div>\n\t\t\t\t\t<\/div>\n\t\t<\/section>\n\t\t\t\t<section class=\"elementor-section elementor-top-section elementor-element elementor-element-ae0af7f elementor-section-boxed elementor-section-height-default elementor-section-height-default\" data-id=\"ae0af7f\" data-element_type=\"section\">\n\t\t\t\t\t\t<div class=\"elementor-container elementor-column-gap-default\">\n\t\t\t\t\t<div class=\"elementor-column elementor-col-50 elementor-top-column elementor-element elementor-element-9b0b14d\" data-id=\"9b0b14d\" data-element_type=\"column\">\n\t\t\t<div class=\"elementor-widget-wrap elementor-element-populated\">\n\t\t\t\t\t\t<div class=\"elementor-element elementor-element-9b66acc elementor-widget elementor-widget-text-editor\" data-id=\"9b66acc\" data-element_type=\"widget\" data-widget_type=\"text-editor.default\">\n\t\t\t\t<div class=\"elementor-widget-container\">\n\t\t\t\t\t\t\t<p>Este departamento tiene la encomienda de la diagramaci\u00f3n de la marca o producto de La International Magazine La Brecha Dorada, el cual est\u00e1 bajo supervisi\u00f3n y coordinaci\u00f3n directa de la Direcci\u00f3n de Operaciones de <strong><a href=\"https:\/\/globalnewscenters.com\/\">CMH<\/a><\/strong>.<\/p><p>La fuente de informaci\u00f3n o material de trabajo est\u00e1n suministradas en su correo electr\u00f3nico <strong>artesdorada@gmail.com<\/strong>, el cual a su vez es la \u00fanica v\u00eda o gu\u00eda para que el o la editora puedan extraer el material de la revista, tanto en im\u00e1genes, as\u00ed como en escritos.<\/p><p>La direcci\u00f3n de operaciones es quien coordina todo el material o contenido enviado por los columnistas o la propia redacci\u00f3n, as\u00ed como el orden en el producto final (la revista).<\/p><p>La ruta durante y despu\u00e9s de la edici\u00f3n deben ser trabajados conjuntamente con Operaciones, ya que es quien maneja informaci\u00f3n privilegiada del contenido.<\/p>\t\t\t\t\t\t<\/div>\n\t\t\t\t<\/div>\n\t\t\t\t\t<\/div>\n\t\t<\/div>\n\t\t\t\t<div class=\"elementor-column elementor-col-50 elementor-top-column elementor-element elementor-element-49f3c52\" data-id=\"49f3c52\" data-element_type=\"column\">\n\t\t\t<div class=\"elementor-widget-wrap elementor-element-populated\">\n\t\t\t\t\t\t<div class=\"elementor-element elementor-element-46954d7 elementor-widget elementor-widget-text-editor\" data-id=\"46954d7\" data-element_type=\"widget\" data-widget_type=\"text-editor.default\">\n\t\t\t\t<div class=\"elementor-widget-container\">\n\t\t\t\t\t\t\t<p>Todos los accesos al interior de los trabajos dentro de la plataforma en la que se trabaja la edici\u00f3n, deben estar a disposici\u00f3n de la empresa, tales como usuarios y claves de acceso.<\/p><p>Al t\u00e9rmino de la edici\u00f3n del mes, el PDF debe ser enviado a la direcci\u00f3n de operaciones para ser evaluado y enviado al grupo de correcci\u00f3n para que estos realicen y recomienden correcci\u00f3n en caso de ser necesario, luego de este proceso y ya realizadas las correcciones, dicho PDF debe ser eviado una vez m\u00e1s a Operaciones para certificar su aprobaci\u00f3n y salida.<\/p><p>Todas estas pol\u00edticas antes descritas est\u00e1n sustentadas y enmarcadas para la plena calidad y orden que caracteriza a <a href=\"https:\/\/globalnewscenters.com\/\"><strong>CMH<\/strong><\/a>.<\/p><p>La empresa de<a href=\"https:\/\/globalnewscenters.com\/\"> <strong>Centro Multimedios Higueyano, SRL<\/strong><\/a> se reserva los derechos ante el imcumplimiento por parte del personal que interviene directamente con este producto.<\/p><p>DRH, DO, DG.<\/p>\t\t\t\t\t\t<\/div>\n\t\t\t\t<\/div>\n\t\t\t\t\t<\/div>\n\t\t<\/div>\n\t\t\t\t\t<\/div>\n\t\t<\/section>\n\t\t\t\t<section class=\"elementor-section elementor-top-section elementor-element elementor-element-91d27a0 elementor-section-boxed elementor-section-height-default elementor-section-height-default\" data-id=\"91d27a0\" data-element_type=\"section\">\n\t\t\t\t\t\t<div class=\"elementor-container elementor-column-gap-default\">\n\t\t\t\t\t<div class=\"elementor-column elementor-col-100 elementor-top-column elementor-element elementor-element-accad67\" data-id=\"accad67\" data-element_type=\"column\">\n\t\t\t<div class=\"elementor-widget-wrap elementor-element-populated\">\n\t\t\t\t\t\t<div class=\"elementor-element elementor-element-801c729 elementor-widget elementor-widget-image\" data-id=\"801c729\" data-element_type=\"widget\" data-widget_type=\"image.default\">\n\t\t\t\t<div class=\"elementor-widget-container\">\n\t\t\t\t\t\t\t\t\t\t\t\t\t<img decoding=\"async\" width=\"300\" height=\"300\" src=\"https:\/\/labrechadorada.com\/wp-content\/uploads\/2023\/11\/office-594132_1280-300x300.webp\" class=\"attachment-medium size-medium wp-image-6086\" alt=\"\" srcset=\"https:\/\/labrechadorada.com\/wp-content\/uploads\/2023\/11\/office-594132_1280-300x300.webp 300w, https:\/\/labrechadorada.com\/wp-content\/uploads\/2023\/11\/office-594132_1280-150x150.webp 150w, https:\/\/labrechadorada.com\/wp-content\/uploads\/2023\/11\/office-594132_1280-768x768.webp 768w, https:\/\/labrechadorada.com\/wp-content\/uploads\/2023\/11\/office-594132_1280-640x640.webp 640w, https:\/\/labrechadorada.com\/wp-content\/uploads\/2023\/11\/office-594132_1280-50x50.webp 50w\" sizes=\"(max-width: 300px) 100vw, 300px\" \/>\t\t\t\t\t\t\t\t\t\t\t\t\t<\/div>\n\t\t\t\t<\/div>\n\t\t\t\t\t<\/div>\n\t\t<\/div>\n\t\t\t\t\t<\/div>\n\t\t<\/section>\n\t\t\t\t<\/div>\n\t\t","protected":false},"excerpt":{"rendered":"<p>\u00c1rea de edici\u00f3n de LA BRECHA DORADA Este departamento tiene la encomienda de la diagramaci\u00f3n de la marca o producto de La International Magazine La Brecha Dorada, el cual est\u00e1 bajo supervisi\u00f3n y coordinaci\u00f3n directa de la Direcci\u00f3n de Operaciones de CMH. La fuente de informaci\u00f3n o material de trabajo est\u00e1n suministradas en su correo [&hellip;]<\/p>\n","protected":false},"author":31,"featured_media":6063,"parent":0,"menu_order":0,"comment_status":"closed","ping_status":"closed","template":"","meta":{"_et_pb_use_builder":"","_et_pb_old_content":"","_et_gb_content_width":"","footnotes":""},"_links":{"self":[{"href":"https:\/\/labrechadorada.com\/index.php\/wp-json\/wp\/v2\/pages\/3392"}],"collection":[{"href":"https:\/\/labrechadorada.com\/index.php\/wp-json\/wp\/v2\/pages"}],"about":[{"href":"https:\/\/labrechadorada.com\/index.php\/wp-json\/wp\/v2\/types\/page"}],"author":[{"embeddable":true,"href":"https:\/\/labrechadorada.com\/index.php\/wp-json\/wp\/v2\/users\/31"}],"replies":[{"embeddable":true,"href":"https:\/\/labrechadorada.com\/index.php\/wp-json\/wp\/v2\/comments?post=3392"}],"version-history":[{"count":25,"href":"https:\/\/labrechadorada.com\/index.php\/wp-json\/wp\/v2\/pages\/3392\/revisions"}],"predecessor-version":[{"id":6094,"href":"https:\/\/labrechadorada.com\/index.php\/wp-json\/wp\/v2\/pages\/3392\/revisions\/6094"}],"wp:featuredmedia":[{"embeddable":true,"href":"https:\/\/labrechadorada.com\/index.php\/wp-json\/wp\/v2\/media\/6063"}],"wp:attachment":[{"href":"https:\/\/labrechadorada.com\/index.php\/wp-json\/wp\/v2\/media?parent=3392"}],"curies":[{"name":"wp","href":"https:\/\/api.w.org\/{rel}","templated":true}]}}