{"id":3380,"date":"2022-11-26T21:11:30","date_gmt":"2022-11-26T21:11:30","guid":{"rendered":"https:\/\/labrechadorada.com\/?page_id=3380"},"modified":"2023-11-18T19:33:29","modified_gmt":"2023-11-18T19:33:29","slug":"somos","status":"publish","type":"page","link":"https:\/\/labrechadorada.com\/index.php\/somos\/","title":{"rendered":"Concepto de la Marca"},"content":{"rendered":"\t\t<div data-elementor-type=\"wp-page\" data-elementor-id=\"3380\" class=\"elementor elementor-3380\">\n\t\t\t\t\t\t<section class=\"elementor-section elementor-top-section elementor-element elementor-element-96b3239 elementor-section-boxed elementor-section-height-default elementor-section-height-default\" data-id=\"96b3239\" data-element_type=\"section\">\n\t\t\t\t\t\t<div class=\"elementor-container elementor-column-gap-default\">\n\t\t\t\t\t<div class=\"elementor-column elementor-col-50 elementor-top-column elementor-element elementor-element-72668ea\" data-id=\"72668ea\" data-element_type=\"column\">\n\t\t\t<div class=\"elementor-widget-wrap elementor-element-populated\">\n\t\t\t\t\t\t<div class=\"elementor-element elementor-element-4f37e01 elementor-widget elementor-widget-spacer\" data-id=\"4f37e01\" data-element_type=\"widget\" data-widget_type=\"spacer.default\">\n\t\t\t\t<div class=\"elementor-widget-container\">\n\t\t\t\t\t<div class=\"elementor-spacer\">\n\t\t\t<div class=\"elementor-spacer-inner\"><\/div>\n\t\t<\/div>\n\t\t\t\t<\/div>\n\t\t\t\t<\/div>\n\t\t\t\t<div class=\"elementor-element elementor-element-d87fed1 elementor-widget elementor-widget-heading\" data-id=\"d87fed1\" data-element_type=\"widget\" data-widget_type=\"heading.default\">\n\t\t\t\t<div class=\"elementor-widget-container\">\n\t\t\t<h1 class=\"elementor-heading-title elementor-size-default\">Concepto de LA BRECHA DORADA International Magazine<\/h1>\t\t<\/div>\n\t\t\t\t<\/div>\n\t\t\t\t\t<\/div>\n\t\t<\/div>\n\t\t\t\t<div class=\"elementor-column elementor-col-50 elementor-top-column elementor-element elementor-element-81e9e18\" data-id=\"81e9e18\" data-element_type=\"column\">\n\t\t\t<div class=\"elementor-widget-wrap elementor-element-populated\">\n\t\t\t\t\t\t<div class=\"elementor-element elementor-element-82d9f32 elementor-widget elementor-widget-image\" data-id=\"82d9f32\" data-element_type=\"widget\" data-widget_type=\"image.default\">\n\t\t\t\t<div class=\"elementor-widget-container\">\n\t\t\t\t\t\t\t\t\t\t\t\t\t<img fetchpriority=\"high\" fetchpriority=\"high\" decoding=\"async\" width=\"300\" height=\"300\" src=\"https:\/\/labrechadorada.com\/wp-content\/uploads\/2023\/11\/magazine-791653_1280-300x300.webp\" class=\"attachment-medium size-medium wp-image-6032\" alt=\"\" srcset=\"https:\/\/labrechadorada.com\/wp-content\/uploads\/2023\/11\/magazine-791653_1280-300x300.webp 300w, https:\/\/labrechadorada.com\/wp-content\/uploads\/2023\/11\/magazine-791653_1280-150x150.webp 150w, https:\/\/labrechadorada.com\/wp-content\/uploads\/2023\/11\/magazine-791653_1280-768x768.webp 768w, https:\/\/labrechadorada.com\/wp-content\/uploads\/2023\/11\/magazine-791653_1280-640x640.webp 640w, https:\/\/labrechadorada.com\/wp-content\/uploads\/2023\/11\/magazine-791653_1280-50x50.webp 50w\" sizes=\"(max-width: 300px) 100vw, 300px\" \/>\t\t\t\t\t\t\t\t\t\t\t\t\t<\/div>\n\t\t\t\t<\/div>\n\t\t\t\t\t<\/div>\n\t\t<\/div>\n\t\t\t\t\t<\/div>\n\t\t<\/section>\n\t\t\t\t<section class=\"elementor-section elementor-top-section elementor-element elementor-element-69c8c20 elementor-section-boxed elementor-section-height-default elementor-section-height-default\" data-id=\"69c8c20\" data-element_type=\"section\">\n\t\t\t\t\t\t<div class=\"elementor-container elementor-column-gap-default\">\n\t\t\t\t\t<div class=\"elementor-column elementor-col-50 elementor-top-column elementor-element elementor-element-8f65367\" data-id=\"8f65367\" data-element_type=\"column\">\n\t\t\t<div class=\"elementor-widget-wrap elementor-element-populated\">\n\t\t\t\t\t\t<div class=\"elementor-element elementor-element-a27c0e5 elementor-widget elementor-widget-text-editor\" data-id=\"a27c0e5\" data-element_type=\"widget\" data-widget_type=\"text-editor.default\">\n\t\t\t\t<div class=\"elementor-widget-container\">\n\t\t\t\t\t\t\t<p>La palabra <strong>&#8220;Brecha&#8221;<\/strong> pudiera tener muchos significados a la hora de conceptualizar, en nuestro caso, es sin\u00f3nimo de &#8220;Abrirnos paso entre un punto y otro, buscar ese escape hacia otro lugar, sin dejar de avanzar, darnos la oportunidad y a los dem\u00e1s de tener otras ofertas.<\/p><p><a href=\"https:\/\/labrechadorada.com\/\"><strong>La Brecha Dorada<\/strong><\/a> est\u00e1 acompa\u00f1ada de un <strong>Isotipo<\/strong> muy caracter\u00edstico, el cual s\u00e9g\u00fan la \u00f3ptica e imaginaci\u00f3n de quien lo observa, podr\u00e1 apreciar &#8220;una l\u00ednea flechada que se abre paso con una abertura en su estructura&#8221;, adem\u00e1s de &#8220;un ave en pleno vuelo&#8221;.<\/p><p>Estas caracter\u00edsticas de nuestro Isotipo la dejamos libre a la imaginaci\u00f3n individual.<\/p>\t\t\t\t\t\t<\/div>\n\t\t\t\t<\/div>\n\t\t\t\t\t<\/div>\n\t\t<\/div>\n\t\t\t\t<div class=\"elementor-column elementor-col-50 elementor-top-column elementor-element elementor-element-c2a8f92\" data-id=\"c2a8f92\" data-element_type=\"column\">\n\t\t\t<div class=\"elementor-widget-wrap elementor-element-populated\">\n\t\t\t\t\t\t<div class=\"elementor-element elementor-element-8ed9f9b elementor-widget elementor-widget-text-editor\" data-id=\"8ed9f9b\" data-element_type=\"widget\" data-widget_type=\"text-editor.default\">\n\t\t\t\t<div class=\"elementor-widget-container\">\n\t\t\t\t\t\t\t<p>En cuanto a la palabra <strong>&#8220;Dorado&#8221;<\/strong>, siempre ha sido sin\u00f3nimo de abundacia, riqueza, prosperidad, reflejado constantemente en las pel\u00edculas, pinturas y tradiciones.<\/p><p><strong><a href=\"https:\/\/labrechadorada.com\/\">La Brecha Dorada<\/a><\/strong> es sin\u00f3nimo de Glamour, dirigida a un tipo de p\u00fablico que quiere salir de lo cotidiano en nuestros pa\u00edses y en nuestro alrededor, que muchas veces hasta nos aburren.<\/p><p><strong><a href=\"https:\/\/labrechadorada.com\/\">La Brecha Dorada<\/a><\/strong> se encuentra en todas las plataformas digitales y redes sociales.\u00a0<\/p>\t\t\t\t\t\t<\/div>\n\t\t\t\t<\/div>\n\t\t\t\t\t<\/div>\n\t\t<\/div>\n\t\t\t\t\t<\/div>\n\t\t<\/section>\n\t\t\t\t<section class=\"elementor-section elementor-top-section elementor-element elementor-element-244fe2d elementor-section-boxed elementor-section-height-default elementor-section-height-default\" data-id=\"244fe2d\" data-element_type=\"section\">\n\t\t\t\t\t\t<div class=\"elementor-container elementor-column-gap-default\">\n\t\t\t\t\t<div class=\"elementor-column elementor-col-100 elementor-top-column elementor-element elementor-element-59eea33\" data-id=\"59eea33\" data-element_type=\"column\">\n\t\t\t<div class=\"elementor-widget-wrap elementor-element-populated\">\n\t\t\t\t\t\t<div class=\"elementor-element elementor-element-09d137f elementor-widget elementor-widget-image\" data-id=\"09d137f\" data-element_type=\"widget\" data-widget_type=\"image.default\">\n\t\t\t\t<div class=\"elementor-widget-container\">\n\t\t\t\t\t\t\t\t\t\t\t\t\t<img decoding=\"async\" width=\"607\" height=\"248\" src=\"https:\/\/labrechadorada.com\/wp-content\/uploads\/2023\/11\/Screenshot_18.png\" class=\"attachment-large size-large wp-image-6026\" alt=\"\" \/>\t\t\t\t\t\t\t\t\t\t\t\t\t<\/div>\n\t\t\t\t<\/div>\n\t\t\t\t\t<\/div>\n\t\t<\/div>\n\t\t\t\t\t<\/div>\n\t\t<\/section>\n\t\t\t\t<section class=\"elementor-section elementor-top-section elementor-element elementor-element-90a2a4a elementor-section-boxed elementor-section-height-default elementor-section-height-default\" data-id=\"90a2a4a\" data-element_type=\"section\">\n\t\t\t\t\t\t<div class=\"elementor-container elementor-column-gap-default\">\n\t\t\t\t\t<div class=\"elementor-column elementor-col-100 elementor-top-column elementor-element elementor-element-d136681\" data-id=\"d136681\" data-element_type=\"column\">\n\t\t\t<div class=\"elementor-widget-wrap elementor-element-populated\">\n\t\t\t\t\t\t<div class=\"elementor-element elementor-element-844a518 elementor-widget elementor-widget-heading\" data-id=\"844a518\" data-element_type=\"widget\" data-widget_type=\"heading.default\">\n\t\t\t\t<div class=\"elementor-widget-container\">\n\t\t\t<h2 class=\"elementor-heading-title elementor-size-default\">\u00bfQu\u00e9 es la web de La Brecha Dorada International Magazine?<\/h2>\t\t<\/div>\n\t\t\t\t<\/div>\n\t\t\t\t\t<\/div>\n\t\t<\/div>\n\t\t\t\t\t<\/div>\n\t\t<\/section>\n\t\t\t\t<section class=\"elementor-section elementor-top-section elementor-element elementor-element-e31ac52 elementor-section-boxed elementor-section-height-default elementor-section-height-default\" data-id=\"e31ac52\" data-element_type=\"section\">\n\t\t\t\t\t\t<div class=\"elementor-container elementor-column-gap-default\">\n\t\t\t\t\t<div class=\"elementor-column elementor-col-50 elementor-top-column elementor-element elementor-element-150c710\" data-id=\"150c710\" data-element_type=\"column\">\n\t\t\t<div class=\"elementor-widget-wrap elementor-element-populated\">\n\t\t\t\t\t\t<div class=\"elementor-element elementor-element-f58b8c0 elementor-widget elementor-widget-text-editor\" data-id=\"f58b8c0\" data-element_type=\"widget\" data-widget_type=\"text-editor.default\">\n\t\t\t\t<div class=\"elementor-widget-container\">\n\t\t\t\t\t\t\t<p>Es la &#8220;casa&#8221; que alberga a los Columnistas y Editores de La Brecha Dorada International Magazine.<\/p><p>Es el &#8220;nicho&#8221; donde nuestros talentos tienen la oportunidad de publicar de una manera m\u00e1s extensa o resumida, aquellos temas que involucran sus Columnas.<\/p><p>La Web de la revista es la extensi\u00f3n de todos los temas que se publican en las ediciones de cada mes, tales como: turismo, clutura, m\u00fasica, arte, moda, tecnolog\u00eda, medio ambiente, biodiversidad, temas de emprendimiento, gastronom\u00eda, orientaci\u00f3n para empresas, hor\u00f3scopos, entrevistas, columnas y reportajes especiales, entre otras.<\/p><p>Adem\u00e1s de estos temas, nuestra web es el lugar donde cada lector o interesado que ingresa, podr\u00e1 encontrar todas las ediciones de <strong><a href=\"https:\/\/labrechadorada.com\/\">La Brecha Dorada.<\/a><\/strong><\/p>\t\t\t\t\t\t<\/div>\n\t\t\t\t<\/div>\n\t\t\t\t\t<\/div>\n\t\t<\/div>\n\t\t\t\t<div class=\"elementor-column elementor-col-50 elementor-top-column elementor-element elementor-element-399135f\" data-id=\"399135f\" data-element_type=\"column\">\n\t\t\t<div class=\"elementor-widget-wrap elementor-element-populated\">\n\t\t\t\t\t\t<div class=\"elementor-element elementor-element-1fea06d elementor-widget elementor-widget-text-editor\" data-id=\"1fea06d\" data-element_type=\"widget\" data-widget_type=\"text-editor.default\">\n\t\t\t\t<div class=\"elementor-widget-container\">\n\t\t\t\t\t\t\t<p>Desde nuestra primera edici\u00f3n, hasta la \u00faltima publicaci\u00f3n usted la encontrar\u00e1 y con tan solo un clic en la portada, disfruta todo el contenido preparado para ese mes.<\/p><p>El p\u00fablico tambi\u00e9n recibe orientaci\u00f3n en nuestro men\u00fa de opciones o p\u00e1ginas, por ejemplo: \u00bfQuienes somos?, informaci\u00f3n de nuestros columnistas, visi\u00f3n, misi\u00f3n y valores, cupones de ofertas para nuestros clientes seg\u00fan la temporada del mes y mucho m\u00e1s.<\/p><p>La web oficial de <a href=\"https:\/\/labrechadorada.com\/\"><strong>La Brecha<\/strong> <strong>Dorada<\/strong><\/a> International Magazine, &#8220;no es un peri\u00f3dico digital&#8221;, como es el caso de nuestra matriz de &#8220;<strong>CMH&#8221;, <a href=\"https:\/\/globalnewscenters.com\/\">Global News Centers<\/a><\/strong>, en donde se encuentra una diversidad amplia de temas del acontecer del mundo: pol\u00edtica, social, deportes, entre otros, los cuales con actualizados varias veces al d\u00eda.<\/p><p>Te invitamos a conocer mucho m\u00e1s de nuestro producto y ser parte de esta gran familia.\u00a0<\/p>\t\t\t\t\t\t<\/div>\n\t\t\t\t<\/div>\n\t\t\t\t\t<\/div>\n\t\t<\/div>\n\t\t\t\t\t<\/div>\n\t\t<\/section>\n\t\t\t\t<section class=\"elementor-section elementor-top-section elementor-element elementor-element-a9d3cf7 elementor-section-boxed elementor-section-height-default elementor-section-height-default\" data-id=\"a9d3cf7\" data-element_type=\"section\">\n\t\t\t\t\t\t<div class=\"elementor-container elementor-column-gap-default\">\n\t\t\t\t\t<div class=\"elementor-column elementor-col-100 elementor-top-column elementor-element elementor-element-6146827\" data-id=\"6146827\" data-element_type=\"column\">\n\t\t\t<div class=\"elementor-widget-wrap elementor-element-populated\">\n\t\t\t\t\t\t<div class=\"elementor-element elementor-element-797f2f6 elementor-widget elementor-widget-image\" data-id=\"797f2f6\" data-element_type=\"widget\" data-widget_type=\"image.default\">\n\t\t\t\t<div class=\"elementor-widget-container\">\n\t\t\t\t\t\t\t\t\t\t\t\t\t<img decoding=\"async\" width=\"606\" height=\"109\" src=\"https:\/\/labrechadorada.com\/wp-content\/uploads\/2023\/11\/Screenshot_19.png\" class=\"attachment-large size-large wp-image-6025\" alt=\"\" \/>\t\t\t\t\t\t\t\t\t\t\t\t\t<\/div>\n\t\t\t\t<\/div>\n\t\t\t\t\t<\/div>\n\t\t<\/div>\n\t\t\t\t\t<\/div>\n\t\t<\/section>\n\t\t\t\t<\/div>\n\t\t","protected":false},"excerpt":{"rendered":"<p>Concepto de LA BRECHA DORADA International Magazine La palabra &#8220;Brecha&#8221; pudiera tener muchos significados a la hora de conceptualizar, en nuestro caso, es sin\u00f3nimo de &#8220;Abrirnos paso entre un punto y otro, buscar ese escape hacia otro lugar, sin dejar de avanzar, darnos la oportunidad y a los dem\u00e1s de tener otras ofertas. La Brecha [&hellip;]<\/p>\n","protected":false},"author":31,"featured_media":6027,"parent":0,"menu_order":0,"comment_status":"closed","ping_status":"closed","template":"","meta":{"_et_pb_use_builder":"","_et_pb_old_content":"","_et_gb_content_width":"","footnotes":""},"_links":{"self":[{"href":"https:\/\/labrechadorada.com\/index.php\/wp-json\/wp\/v2\/pages\/3380"}],"collection":[{"href":"https:\/\/labrechadorada.com\/index.php\/wp-json\/wp\/v2\/pages"}],"about":[{"href":"https:\/\/labrechadorada.com\/index.php\/wp-json\/wp\/v2\/types\/page"}],"author":[{"embeddable":true,"href":"https:\/\/labrechadorada.com\/index.php\/wp-json\/wp\/v2\/users\/31"}],"replies":[{"embeddable":true,"href":"https:\/\/labrechadorada.com\/index.php\/wp-json\/wp\/v2\/comments?post=3380"}],"version-history":[{"count":33,"href":"https:\/\/labrechadorada.com\/index.php\/wp-json\/wp\/v2\/pages\/3380\/revisions"}],"predecessor-version":[{"id":6058,"href":"https:\/\/labrechadorada.com\/index.php\/wp-json\/wp\/v2\/pages\/3380\/revisions\/6058"}],"wp:featuredmedia":[{"embeddable":true,"href":"https:\/\/labrechadorada.com\/index.php\/wp-json\/wp\/v2\/media\/6027"}],"wp:attachment":[{"href":"https:\/\/labrechadorada.com\/index.php\/wp-json\/wp\/v2\/media?parent=3380"}],"curies":[{"name":"wp","href":"https:\/\/api.w.org\/{rel}","templated":true}]}}